{"id":25,"date":"2024-03-03T17:33:30","date_gmt":"2024-03-03T16:33:30","guid":{"rendered":"https:\/\/www.bretow.com\/?page_id=25"},"modified":"2024-03-08T17:19:35","modified_gmt":"2024-03-08T16:19:35","slug":"firemny-zakaznik","status":"publish","type":"page","link":"https:\/\/www.bretow.com\/de\/firemny-zakaznik\/","title":{"rendered":"Firmenkunde"},"content":{"rendered":"<div data-elementor-type=\"wp-page\" data-elementor-id=\"25\" class=\"elementor elementor-25\" data-elementor-post-type=\"page\">\n\t\t\t\t<div class=\"elementor-element elementor-element-29d3106 e-flex e-con-boxed e-con e-parent\" data-id=\"29d3106\" data-element_type=\"container\">\n\t\t\t\t\t<div class=\"e-con-inner\">\n\t\t<div class=\"elementor-element elementor-element-f5cc7d0 e-con-full e-flex e-con e-child\" data-id=\"f5cc7d0\" data-element_type=\"container\">\n\t\t<div class=\"elementor-element elementor-element-98eadba e-con-full e-flex e-con e-child\" data-id=\"98eadba\" data-element_type=\"container\">\n\t\t\t\t<div class=\"elementor-element elementor-element-8f33e7f elementor-widget__width-initial elementor-widget elementor-widget-heading\" data-id=\"8f33e7f\" data-element_type=\"widget\" data-widget_type=\"heading.default\">\n\t\t\t\t<div class=\"elementor-widget-container\">\n\t\t\t\t\t<h6 class=\"elementor-heading-title elementor-size-default\">Firmenkunde<\/h6>\t\t\t\t<\/div>\n\t\t\t\t<\/div>\n\t\t\t\t<div class=\"elementor-element elementor-element-7a9c08d elementor-widget__width-initial elementor-widget elementor-widget-heading\" data-id=\"7a9c08d\" data-element_type=\"widget\" data-widget_type=\"heading.default\">\n\t\t\t\t<div class=\"elementor-widget-container\">\n\t\t\t\t\t<h1 class=\"elementor-heading-title elementor-size-default\">Die perfekte Erg\u00e4nzung f\u00fcr Ihren Firmenfuhrpark<\/h1>\t\t\t\t<\/div>\n\t\t\t\t<\/div>\n\t\t\t\t<\/div>\n\t\t\t\t<div class=\"elementor-element elementor-element-fc7cf5f elementor-widget-tablet__width-initial elementor-widget elementor-widget-etheme_icon_list\" data-id=\"fc7cf5f\" data-element_type=\"widget\" data-widget_type=\"etheme_icon_list.default\">\n\t\t\t\t<div class=\"elementor-widget-container\">\n\t\t\t\t\t            <div class=\"etheme-icon-list etheme-icon-list-inline\">\n                                        <div class=\"etheme-icon-list-item elementor-repeater-item-f397d2e\">\n                                                                \n                                    <span class=\"etheme-icon-list-item-icon\">\n                                        <span class=\"etheme-icon-list-item-icon-inner\">\n                                        \t\t\t<svg xmlns=\"http:\/\/www.w3.org\/2000\/svg\" width=\"32\" height=\"33\" viewbox=\"0 0 32 33\" fill=\"none\"><g id=\"Communication \/ Phone\"><path id=\"Vector\" d=\"M12.7275 6.3543C12.3295 5.35933 11.3659 4.70691 10.2942 4.70691H6.68979C5.3186 4.70691 4.20703 5.81821 4.20703 7.1894C4.20703 18.8445 13.6556 28.2931 25.3107 28.2931C26.6819 28.2931 27.7932 27.1814 27.7932 25.8102L27.7938 22.2052C27.7938 21.1336 27.1416 20.1701 26.1466 19.7721L22.692 18.3908C21.7982 18.0333 20.7806 18.1942 20.0412 18.8104L19.1496 19.554C18.1083 20.4217 16.5762 20.3527 15.6178 19.3943L13.1072 16.8814C12.1488 15.923 12.0779 14.3921 12.9456 13.3508L13.6891 12.4593C14.3054 11.7198 14.4677 10.7019 14.1102 9.8082L12.7275 6.3543Z\" stroke=\"#4DC4BD\" stroke-width=\"1.8499\" stroke-linecap=\"round\" stroke-linejoin=\"round\"><\/path><\/g><\/svg>                                        <\/span>\n                                    <\/span>\n                                    \n                                                            \n                            <a class=\"etheme-icon-list-item-text\" href=\"tel:+421911867664\">\n                                +421 911 867 664                            <\/a>\n                                                    <\/div>\n                                            <div class=\"etheme-icon-list-item elementor-repeater-item-f283870\">\n                                                                \n                                    <span class=\"etheme-icon-list-item-icon\">\n                                        <span class=\"etheme-icon-list-item-icon-inner\">\n                                        \t\t\t<svg xmlns=\"http:\/\/www.w3.org\/2000\/svg\" width=\"32\" height=\"33\" viewbox=\"0 0 32 33\" fill=\"none\"><g id=\"Communication \/ Mail\"><path id=\"Vector\" d=\"M5.51738 8.63798L13.5205 14.6816L13.5232 14.6839C14.4118 15.3355 14.8564 15.6616 15.3433 15.7875C15.7737 15.8988 16.2262 15.8988 16.6566 15.7875C17.144 15.6614 17.5899 15.3345 18.4801 14.6816C18.4801 14.6816 23.6133 10.7423 26.4829 8.63798M4.20703 21.4796V11.521C4.20703 10.0533 4.20703 9.31886 4.49267 8.75827C4.74392 8.26515 5.14455 7.86453 5.63766 7.61327C6.19826 7.32764 6.93267 7.32764 8.40039 7.32764H23.6004C25.0681 7.32764 25.801 7.32764 26.3616 7.61327C26.8547 7.86453 27.2566 8.26515 27.5079 8.75827C27.7932 9.31832 27.7932 10.0518 27.7932 11.5167V21.484C27.7932 22.9489 27.7932 23.6814 27.5079 24.2414C27.2566 24.7345 26.8547 25.1359 26.3616 25.3871C25.8015 25.6725 25.069 25.6725 23.6042 25.6725H8.39609C6.93123 25.6725 6.19771 25.6725 5.63766 25.3871C5.14455 25.1359 4.74392 24.7345 4.49267 24.2414C4.20703 23.6808 4.20703 22.9473 4.20703 21.4796Z\" stroke=\"#4DC4BD\" stroke-width=\"2\" stroke-linecap=\"round\" stroke-linejoin=\"round\"><\/path><\/g><\/svg>                                        <\/span>\n                                    <\/span>\n                                    \n                                                            \n                            <a class=\"etheme-icon-list-item-text\" href=\"mailto:info@bretow.com\">\n                                info@bretow.com                            <\/a>\n                                                    <\/div>\n                                <\/div>\n        \n        \t\t\t\t<\/div>\n\t\t\t\t<\/div>\n\t\t\t\t<\/div>\n\t\t<div class=\"elementor-element elementor-element-c8e5942 e-con-full e-flex e-con e-child\" data-id=\"c8e5942\" data-element_type=\"container\">\n\t\t\t\t<div class=\"elementor-element elementor-element-a4c5f2f elementor-widget elementor-widget-text-editor\" data-id=\"a4c5f2f\" data-element_type=\"widget\" data-widget_type=\"text-editor.default\">\n\t\t\t\t<div class=\"elementor-widget-container\">\n\t\t\t\t\t\t\t\t\t<p>Investieren Sie in eine Umgebung, die Ihre Unternehmensidentit\u00e4t widerspiegelt und gleichzeitig Nachhaltigkeit und Umweltbewusstsein unterst\u00fctzt. Mit unseren Designer-Ladestationen f\u00fcr Firmenkunden erhalten Sie mehr als nur ein praktisches Werkzeug - Sie erhalten ein Symbol f\u00fcr Ihr Engagement f\u00fcr Innovation, Qualit\u00e4t und Umweltbewusstsein.<\/p>\t\t\t\t\t\t\t\t<\/div>\n\t\t\t\t<\/div>\n\t\t\t\t<\/div>\n\t\t\t\t\t<\/div>\n\t\t\t\t<\/div>\n\t\t<div class=\"elementor-element elementor-element-c81f39e e-flex e-con-boxed e-con e-parent\" data-id=\"c81f39e\" data-element_type=\"container\" data-settings=\"{&quot;background_background&quot;:&quot;classic&quot;}\">\n\t\t\t\t\t<div class=\"e-con-inner\">\n\t\t<div class=\"elementor-element elementor-element-4b83709 e-con-full e-flex e-con e-child\" data-id=\"4b83709\" data-element_type=\"container\">\n\t\t\t\t<div class=\"elementor-element elementor-element-22d16c1 elementor-widget__width-initial elementor-widget elementor-widget-shortcode\" data-id=\"22d16c1\" data-element_type=\"widget\" data-widget_type=\"shortcode.default\">\n\t\t\t\t<div class=\"elementor-widget-container\">\n\t\t\t\t\t\t\t<div class=\"elementor-shortcode\"><div class=\"forminator-ui forminator-custom-form forminator-custom-form-418 forminator-design--flat forminator-custom forminator_ajax\" data-forminator-render=\"0\" data-form=\"forminator-module-418\" data-uid=\"69ecef96ec0cf\"><br\/><\/div><form\n\t\t\t\tid=\"forminator-module-418\"\n\t\t\t\tclass=\"forminator-ui forminator-custom-form forminator-custom-form-418 forminator-design--flat forminator-custom forminator_ajax\"\n\t\t\t\tmethod=\"post\"\n\t\t\t\tdata-forminator-render=\"0\"\n\t\t\t\tdata-form-id=\"418\"\n\t\t\t\t data-color-option=\"default\" data-design=\"flat\" data-grid=\"custom\" style=\"display: none;\"\n\t\t\t\tdata-uid=\"69ecef96ec0cf\" action=\"\"\n\t\t\t><div role=\"alert\" aria-live=\"polite\" class=\"forminator-response-message forminator-error\" aria-hidden=\"true\"><\/div><div class=\"forminator-row\"><div id=\"text-1\" class=\"forminator-field-text forminator-col forminator-col-12\"><div class=\"forminator-field\"><input type=\"text\" name=\"text-1\" value=\"\" placeholder=\"Name des Unternehmens\" id=\"forminator-field-text-1_69ecef96ec0cf\" class=\"forminator-input forminator-name--field\" data-required=\"1\" \/><\/div><\/div><\/div><div class=\"forminator-row\"><div id=\"email-1\" class=\"forminator-field-email forminator-col forminator-col-12\"><div class=\"forminator-field\"><input type=\"email\" name=\"email-1\" value=\"\" placeholder=\"E-mail\" id=\"forminator-field-email-1_69ecef96ec0cf\" class=\"forminator-input forminator-email--field\" data-required=\"true\" aria-required=\"true\" autocomplete=\"email\" \/><\/div><\/div><\/div><div class=\"forminator-row\"><div id=\"phone-1\" class=\"forminator-field-phone forminator-col forminator-col-12\"><div class=\"forminator-field\"><input type=\"text\" name=\"phone-1\" value=\"\" placeholder=\"Rufnummer\" id=\"forminator-field-phone-1_69ecef96ec0cf\" class=\"forminator-input forminator-field--phone\" data-required=\"\" aria-required=\"false\" autocomplete=\"off\" \/><\/div><\/div><\/div><div class=\"forminator-row\"><div id=\"textarea-1\" class=\"forminator-field-textarea forminator-col forminator-col-12\"><div class=\"forminator-field\"><textarea name=\"textarea-1\" placeholder=\"Nachricht\" id=\"forminator-field-textarea-1_69ecef96ec0cf\" class=\"forminator-textarea\" rows=\"6\" style=\"min-height:140px;\" maxlength=\"180\" ><\/textarea><span id=\"forminator-field-textarea-1_69ecef96ec0cf-description\" class=\"forminator-description\"><span data-limit=\"180\" data-type=\"characters\" data-editor=\"\">0 \/ 180<\/span><\/span><\/div><\/div><\/div><div class=\"forminator-row\"><div id=\"captcha-1\" class=\"forminator-field-captcha forminator-col forminator-col-12\"><div class=\"forminator-captcha-left forminator-g-recaptcha recaptcha-invisible\" data-theme=\"light\" data-badge=\"inline\" data-sitekey=\"6Lcb7ikrAAAAAG96i9Jc_u7JrSHexeQVIEXIGJbm\" data-size=\"invisible\"><\/div> <\/div><\/div><input type=\"hidden\" name=\"referer_url\" value=\"\" \/><div class=\"forminator-row forminator-row-last\"><div class=\"forminator-col\"><div class=\"forminator-field\"><button class=\"forminator-button forminator-button-submit\">Senden<\/button><\/div><\/div><\/div><input type=\"hidden\" id=\"forminator_nonce\" name=\"forminator_nonce\" value=\"794441ce75\" \/><input type=\"hidden\" name=\"_wp_http_referer\" value=\"\/de\/wp-json\/wp\/v2\/pages\/25\" \/><input type=\"hidden\" name=\"form_id\" value=\"418\"><input type=\"hidden\" name=\"page_id\" value=\"25\"><input type=\"hidden\" name=\"form_type\" value=\"default\"><input type=\"hidden\" name=\"current_url\" value=\"https:\/\/www.bretow.com\/de\/firemny-zakaznik\/\"><input type=\"hidden\" name=\"render_id\" value=\"0\"><input type=\"hidden\" name=\"action\" value=\"forminator_submit_form_custom-forms\"><input type=\"hidden\" name=\"trp-form-language\" value=\"de\"\/><\/form><\/div>\n\t\t\t\t\t\t<\/div>\n\t\t\t\t<\/div>\n\t\t\t\t<\/div>\n\t\t<div class=\"elementor-element elementor-element-69f39dd e-con-full e-flex e-con e-child\" data-id=\"69f39dd\" data-element_type=\"container\">\n\t\t\t\t<div class=\"elementor-element elementor-element-84d54e0 elementor-widget__width-initial elementor-widget elementor-widget-heading\" data-id=\"84d54e0\" data-element_type=\"widget\" data-widget_type=\"heading.default\">\n\t\t\t\t<div class=\"elementor-widget-container\">\n\t\t\t\t\t<h6 class=\"elementor-heading-title elementor-size-default\">Kontakt<\/h6>\t\t\t\t<\/div>\n\t\t\t\t<\/div>\n\t\t\t\t<div class=\"elementor-element elementor-element-796e6f4 elementor-widget elementor-widget-heading\" data-id=\"796e6f4\" data-element_type=\"widget\" data-widget_type=\"heading.default\">\n\t\t\t\t<div class=\"elementor-widget-container\">\n\t\t\t\t\t<h2 class=\"elementor-heading-title elementor-size-default\">Kontaktieren Sie uns f\u00fcr Details zur Zusammenarbeit mit Unternehmen<\/h2>\t\t\t\t<\/div>\n\t\t\t\t<\/div>\n\t\t\t\t<\/div>\n\t\t\t\t\t<\/div>\n\t\t\t\t<\/div>\n\t\t\t\t<\/div>","protected":false},"excerpt":{"rendered":"<p>Firemn\u00fd z\u00e1kazn\u00edk Perfektn\u00fd doplnok pre va\u0161u firemn\u00fa flotilu +421 911 867 664 info@bretow.com Investujte do vytvorenia prostredia, ktor\u00e9 bude odzrkad\u013eova\u0165 va\u0161u firemn\u00fa identitu a z\u00e1rove\u0148&#8230;<\/p>","protected":false},"author":1,"featured_media":0,"parent":0,"menu_order":0,"comment_status":"closed","ping_status":"closed","template":"elementor_header_footer","meta":{"footnotes":""},"class_list":["post-25","page","type-page","status-publish","hentry"],"_links":{"self":[{"href":"https:\/\/www.bretow.com\/de\/wp-json\/wp\/v2\/pages\/25","targetHints":{"allow":["GET"]}}],"collection":[{"href":"https:\/\/www.bretow.com\/de\/wp-json\/wp\/v2\/pages"}],"about":[{"href":"https:\/\/www.bretow.com\/de\/wp-json\/wp\/v2\/types\/page"}],"author":[{"embeddable":true,"href":"https:\/\/www.bretow.com\/de\/wp-json\/wp\/v2\/users\/1"}],"replies":[{"embeddable":true,"href":"https:\/\/www.bretow.com\/de\/wp-json\/wp\/v2\/comments?post=25"}],"version-history":[{"count":40,"href":"https:\/\/www.bretow.com\/de\/wp-json\/wp\/v2\/pages\/25\/revisions"}],"predecessor-version":[{"id":455,"href":"https:\/\/www.bretow.com\/de\/wp-json\/wp\/v2\/pages\/25\/revisions\/455"}],"wp:attachment":[{"href":"https:\/\/www.bretow.com\/de\/wp-json\/wp\/v2\/media?parent=25"}],"curies":[{"name":"wp","href":"https:\/\/api.w.org\/{rel}","templated":true}]}}