{"id":62,"date":"2024-03-06T16:11:52","date_gmt":"2024-03-06T15:11:52","guid":{"rendered":"https:\/\/www.bretow.com\/?page_id=62"},"modified":"2024-06-05T15:59:11","modified_gmt":"2024-06-05T13:59:11","slug":"ochrana-osobnych-udajov","status":"publish","type":"page","link":"https:\/\/www.bretow.com\/de\/ochrana-osobnych-udajov\/","title":{"rendered":"Schutz personenbezogener Daten"},"content":{"rendered":"<div data-elementor-type=\"wp-page\" data-elementor-id=\"62\" class=\"elementor elementor-62\" data-elementor-post-type=\"page\">\n\t\t\t\t<div class=\"elementor-element elementor-element-2b4daad e-flex e-con-boxed e-con e-parent\" data-id=\"2b4daad\" data-element_type=\"container\">\n\t\t\t\t\t<div class=\"e-con-inner\">\n\t\t\t\t<div class=\"elementor-element elementor-element-8259221 elementor-widget elementor-widget-heading\" data-id=\"8259221\" data-element_type=\"widget\" data-widget_type=\"heading.default\">\n\t\t\t\t<div class=\"elementor-widget-container\">\n\t\t\t\t\t<h2 class=\"elementor-heading-title elementor-size-default\">Schutz personenbezogener Daten<\/h2>\t\t\t\t<\/div>\n\t\t\t\t<\/div>\n\t\t\t\t<div class=\"elementor-element elementor-element-166551d elementor-widget elementor-widget-text-editor\" data-id=\"166551d\" data-element_type=\"widget\" data-widget_type=\"text-editor.default\">\n\t\t\t\t<div class=\"elementor-widget-container\">\n\t\t\t\t\t\t\t\t\t<p>Sme spolo\u010dnos\u0165 HATAC, s.r.o., I\u010cO: 51 160 439, DI\u010c: 2120616509, so s\u00eddlom: R\u00e1zusova 67, Brezno 977 01, zap\u00edsan\u00e1 v obchodnom registri Okresn\u00e9ho s\u00fadu Bansk\u00e1 Bystrica, oddiel: Sro, vlo\u017eka \u010d. 32900\/S<\/p><p>Prev\u00e1dzkujeme e-shop na webov\u00fdch str\u00e1nkach bretow.com<\/p><p>Pri predaji tovaru a\u00a0prev\u00e1dzkovan\u00ed na\u0161ich webov\u00fdch str\u00e1nok sprac\u00favame niektor\u00e9 osobn\u00e9 \u00fadaje.<\/p><p>Sprac\u00favanie osobn\u00fdch \u00fadajov upravuje najm\u00e4 nariadenie Eur\u00f3pskeho parlamentu a Rady (E\u00da) 2016\/679 z 27. apr\u00edla 2016 pri sprac\u00favan\u00ed osobn\u00fdch \u00fadajov a\u00a0o\u00a0vo\u013enom pohybe tak\u00fdchto \u00fadajov, ktor\u00fdm sa zru\u0161uje 95\/46\/ES (v\u0161eobecn\u00e9 nariadenie o ochrane osobn\u00fdch \u00fadajov) (\u201e<strong>GDPR<\/strong>\u201c).<\/p><h2>I. Sprac\u00favanie osobn\u00fdch \u00fadajov<\/h2><ol><li><strong> Sprac\u00favanie osobn\u00fdch \u00fadajov v pr\u00edpade pou\u017eitia kontaktn\u00e9ho formul\u00e1ra<br \/><\/strong>Pokia\u013e n\u00e1s kontaktujete v\u00a0s\u00favislosti s na\u0161imi produktami a slu\u017ebami, budeme pracova\u0165 s Va\u0161imi kontaktn\u00fdmi \u00fadajmi, ktor\u00e9 n\u00e1m ozn\u00e1mite a to hlavne prostredn\u00edctvom kontaktn\u00e9ho formul\u00e1ra. S\u00fa to osobn\u00e9 \u00fadaje v rozsahu: meno, priezvisko, telef\u00f3nne \u010d\u00edslo, e-mail, n\u00e1zov spolo\u010dnosti<\/li><\/ol><p><u>Z ak\u00e9ho d\u00f4vodu?<br \/><\/u>Na z\u00e1klade zaslan\u00fdch osobn\u00fdch \u00fadajov V\u00e1s n\u00e1sledne budeme kontaktova\u0165 v\u00a0s\u00favislosti s\u00a0na\u0161ou ponukou tovarov.<\/p><p><u>Na z\u00e1klade ak\u00e9ho pr\u00e1vneho z\u00e1kladu?<br \/><\/u>Ide o sprac\u00favanie na z\u00e1klade \u010dl\u00e1nku 6 ods. 1 p\u00edsm. b) GDPR \u2013 plnenie zmluvy, resp. vykonanie opatren\u00ed pred uzavret\u00edm zmluvy na Va\u0161u \u017eiados\u0165. Pokia\u013e by ste n\u00e1m tieto osobn\u00e9 \u00fadaje neposkytli, nebudeme m\u00f4c\u0165 s\u00a0Vami komunikova\u0165 za \u00fa\u010delom uzatvorenia zmluvy o\u00a0dodan\u00ed na\u0161ich tovarov alebo poskytnut\u00ed na\u0161ich slu\u017eieb.<\/p><p><u>Ako dlho budeme osobn\u00e9 \u00fadaje sprac\u00fava\u0165?<br \/><\/u>Pokia\u013e nenadvia\u017eeme \u010fal\u0161iu spolupr\u00e1cu, Va\u0161e osobn\u00e9 \u00fadaje budeme sprac\u00fava\u0165 najdlh\u0161ie 5 rokov od na\u0161ej poslednej komunik\u00e1cie.<\/p><ol><li><strong> Sprac\u00favanie osobn\u00fdch \u00fadajov v pr\u00edpade n\u00e1kupu<br \/><\/strong>Pokia\u013e u n\u00e1s nak\u00fapite, budeme pracova\u0165 s\u00a0osobn\u00fdmi \u00fadajmi, ktor\u00e9 od V\u00e1s potrebujeme na zabezpe\u010denie uzatvorenia zmluvy o\u00a0poskytnut\u00ed na\u0161ich tovarov alebo slu\u017eieb. S\u00fa to hlavne faktura\u010dn\u00e9 \u00fadaje: meno, priezvisko, adresa, , e-mail, telef\u00f3nne \u010d\u00edslo, n\u00e1zov spolo\u010dnosti<\/li><\/ol><p><u>Z ak\u00e9ho d\u00f4vodu?<br \/><\/u>Osobn\u00e9 \u00fadaje potrebujeme sprac\u00fava\u0165, aby sme mohli splni\u0165 na\u0161e povinnosti vypl\u00fdvaj\u00face zo zmluvy \u2013 dodanie tovaru. Vyu\u017eit\u00edm kontaktn\u00fdch \u00fadajov budeme s Vami tie\u017e komunikova\u0165 oh\u013eadom stavu Va\u0161ej objedn\u00e1vky, pr\u00edpadne oh\u013eadom reklam\u00e1ci\u00ed alebo Va\u0161ich ot\u00e1zok.Osobn\u00e9 \u00fadaje budeme \u010falej sprac\u00fava\u0165 pre splnenie na\u0161ich povinnost\u00ed, ktor\u00e9 n\u00e1m plyn\u00fa zo v\u0161eobecne z\u00e1v\u00e4zn\u00fdch pr\u00e1vnych predpisov (hlavne na \u00fa\u010dtovn\u00e9 a da\u0148ov\u00e9 \u00fa\u010dely, pr\u00edpadne na vybavenie reklam\u00e1ci\u00ed a in\u00e9).<\/p><p><u>Na z\u00e1klade ak\u00e9ho pr\u00e1vneho z\u00e1kladu sprac\u00favame osobn\u00e9 \u00fadaje?<br \/><\/u>Ide o sprac\u00favanie na z\u00e1klade \u010dl\u00e1nku 6 ods. 1 p\u00edsm. b) GDPR \u2013 plnenie zmluvy a \u010dl\u00e1nok 6 ods. 1 p\u00edsm. c) GDPR \u2013 plnenie na\u0161ej pr\u00e1vnej povinnosti.Pokia\u013e by ste n\u00e1m tieto osobn\u00e9 \u00fadaje neposkytli, nebudeme m\u00f4c\u0165 s\u00a0Vami uzatvori\u0165 zmluvu o\u00a0dodan\u00ed na\u0161ich tovarov.<\/p><p><u>Ako dlho budeme osobn\u00e9 \u00fadaje sprac\u00fava\u0165?<br \/><\/u>Po\u010das dodania tovarov alebo poskytovania slu\u017eieb a potom 5 rokov od posledn\u00e9ho poskytnutia tak\u00fdch slu\u017eieb alebo dodania tovaru.<\/p><ol><li><strong> Newsletter (komer\u010dn\u00e1 komunik\u00e1cia)<br \/><\/strong>Pokia\u013e ste vyplnili formul\u00e1r pre odber newslettera, pou\u017eijeme Va\u0161u e-mailov\u00fa adresu na zasielanie na\u0161ich marketingov\u00fdch ozn\u00e1men\u00ed.<\/li><\/ol><p><u>Na z\u00e1klade ak\u00e9ho pr\u00e1vneho z\u00e1kladu?<br \/><\/u>Ide o sprac\u00favanie na z\u00e1klade \u010dl\u00e1nku 6 ods. 1 p\u00edsm. f) GDPR \u2013 na\u0161e opr\u00e1vnen\u00e9 z\u00e1ujmy, ktor\u00fdmi s\u00fa marketingov\u00e1 komunik\u00e1cii cielen\u00e1 na na\u0161ich z\u00e1kazn\u00edkov.<\/p><p><u>Ako dlho budeme osobn\u00e9 \u00fadaje sprac\u00fava\u0165?<br \/><\/u>5 rokov od V\u00e1\u0161ho posledn\u00e9ho n\u00e1kupu. V\u00a0pr\u00edpade, ak nechcete na\u010falej dost\u00e1va\u0165 na\u0161e marketingov\u00e9 ozn\u00e1menia, m\u00f4\u017eete sa kedyko\u013evek odhl\u00e1si\u0165 prostredn\u00edctvom e-mailu alebo n\u00e1s m\u00f4\u017eete kontaktova\u0165 na e-maile: info@bretow.com<\/p><h2>II. Kto sa k \u00fadajom dostane?<\/h2><p>Va\u0161e osobn\u00e9 \u00fadaje zostan\u00fa u n\u00e1s. Napriek tomu pre n\u00e1s pracuj\u00fa niektor\u00e9 spolo\u010dnosti alebo in\u00e9 osoby, ktor\u00e9 maj\u00fa pr\u00edstup k\u00a0Va\u0161im osobn\u00fd \u00fadajom z\u00a0d\u00f4vodu toho, \u017ee n\u00e1m pom\u00e1haj\u00fa s chodom n\u00e1\u0161ho e-shopu. S\u00fa to:<\/p><ul><li>poskytovate\u013e hostingov\u00fdch a e-mailov\u00fdch slu\u017eieb Websupport s. r. o.<\/li><li>Google Slovakia s.r.o.<\/li><li>Meta Platforms Ireland Limited<\/li><li>Sendinblue Inc.<\/li><li>Marketingov\u00e1 agent\u00fara Advestor GROUP s.r.o.<\/li><\/ul><p>Osobn\u00e9 \u00fadaje sprac\u00favame iba na \u00fazem\u00ed Eur\u00f3pskej \u00fanie.<\/p><h2>III. \u010co by ste \u010falej mali vedie\u0165<\/h2><p>V na\u0161ej spolo\u010dnosti nem\u00e1me zodpovedn\u00fa osobu pre ochranu osobn\u00fdch \u00fadajov. V na\u0161ej spolo\u010dnosti doch\u00e1dza k rozhodovaniu na z\u00e1klade automatick\u00e9ho sprac\u00favania \u010di profilovania. Pokia\u013e by ste mali k osobn\u00fdm \u00fadajom ot\u00e1zky, kontaktujte n\u00e1s na e-mailovej adrese info@bretow.com \u00a0alebo zavolajte na tel. \u010d. +421 911 867 664<\/p><h2>IV. Pou\u017e\u00edvanie s\u00faborov cookies<\/h2><p>Cookies s\u00fa textov\u00e9 s\u00fabory obsahuj\u00face mal\u00e9 mno\u017estvo inform\u00e1ci\u00ed, ktor\u00e9 sa pri n\u00e1v\u0161teve na\u0161ich webov\u00fdch str\u00e1nok s\u0165ahuj\u00fa do V\u00e1\u0161ho zariadenia. S\u00fabory cookies sa n\u00e1sledne pri ka\u017edej \u010fal\u0161ej n\u00e1v\u0161teve odosielaj\u00fa sp\u00e4\u0165 na webov\u00fa str\u00e1nku alebo in\u00fa webov\u00fa str\u00e1nku, ktor\u00e1 ich rozpozn\u00e1.<\/p><p>S\u00fabory cookies plnia r\u00f4zne \u00falohy, napr\u00edklad umo\u017e\u0148uj\u00fa efekt\u00edvnu navig\u00e1ciu medzi webov\u00fdmi str\u00e1nkami, zapam\u00e4tanie si Va\u0161ich preferenci\u00ed a celkovo zlep\u0161uj\u00fa sk\u00fasenos\u0165 pou\u017e\u00edvate\u013ea. Dok\u00e1\u017eu tie\u017e zaisti\u0165, aby reklamy zobrazovan\u00e9 on-line boli lep\u0161ie prisp\u00f4soben\u00e9 Va\u0161ej osobe a Va\u0161im z\u00e1ujmom.<\/p><p>Na webov\u00fdch str\u00e1nkach pou\u017e\u00edvame nasleduj\u00face cookies:<\/p><p><strong>Nevyhnutn\u00e9 cookies:<br \/><\/strong>Potrebn\u00e9 s\u00fabory cookie s\u00fa pre z\u00e1kladn\u00e9 funkcie webov\u00fdch str\u00e1nok z\u00e1sadn\u00e9 a webov\u00e9 str\u00e1nky bez nich nebud\u00fa fungova\u0165 zam\u00fd\u0161\u013ean\u00fdm sp\u00f4sobom. Tieto s\u00fabory cookie neukladaj\u00fa \u017eiadne osobn\u00e9 identifika\u010dn\u00e9 \u00fadaje.<\/p><p><strong>Funk\u010dn\u00e9 cookies<br \/><\/strong>Funk\u010dn\u00e9 s\u00fabory cookie pom\u00e1haj\u00fa vykon\u00e1va\u0165 ur\u010dit\u00e9 funkcie, ako je zdie\u013eanie obsahu webov\u00fdch str\u00e1nok na platform\u00e1ch soci\u00e1lnych m\u00e9di\u00ed, zhroma\u017e\u010fovanie sp\u00e4tn\u00fdch v\u00e4zieb a \u010fal\u0161ie funkcie tret\u00edch str\u00e1n.<\/p><p><strong>Analytick\u00e9\/\u0161tatistick\u00e9 cookies<br \/><\/strong>Analytick\u00e9 cookies sa pou\u017e\u00edvaj\u00fa na pochopenie toho, ako n\u00e1v\u0161tevn\u00edci interaguj\u00fa s webovou str\u00e1nkou. Tieto s\u00fabory cookie pom\u00e1haj\u00fa poskytova\u0165 inform\u00e1cie o metrik\u00e1ch po\u010dtu n\u00e1v\u0161tevn\u00edkov, miere okam\u017eit\u00fdch odchodov, zdroji n\u00e1v\u0161tevnosti at\u010f.<\/p><p><strong>V\u00fdkonostn\u00e9 cookies<br \/><\/strong>V\u00fdkonnostn\u00e9 cookies sa pou\u017e\u00edvaj\u00fa na pochopenie a anal\u00fdzu k\u013e\u00fa\u010dov\u00fdch indexov v\u00fdkonnosti webov\u00fdch str\u00e1nok, \u010do pom\u00e1ha zlep\u0161ova\u0165 u\u017e\u00edvate\u013esk\u00fa sk\u00fasenos\u0165 pre n\u00e1v\u0161tevn\u00edkov.<\/p><p><strong>Reklamn\u00e9 cookies<br \/><\/strong>S\u00fabory cookie reklamy sa pou\u017e\u00edvaj\u00fa na doru\u010denie n\u00e1v\u0161tevn\u00edkom prisp\u00f4soben\u00fdch rekl\u00e1m na z\u00e1klade str\u00e1nok, ktor\u00e9 nav\u0161t\u00edvili predt\u00fdm, a na anal\u00fdzu efekt\u00edvnosti reklamnej kampane.<\/p><p><strong>Ostatn\u00e9 cookies<br \/><\/strong>Ostatn\u00e9 nekategorizovan\u00e9 s\u00fabory cookie s\u00fa tie, ktor\u00e9 sa analyzuj\u00fa a zatia\u013e neboli zatrieden\u00e9 do kateg\u00f3rie.<\/p><p>Upozor\u0148ujeme, \u017ee tretie strany (vr\u00e1tane napr. poskytovate\u013eov extern\u00fdch slu\u017eieb) m\u00f4\u017eu taktie\u017e pou\u017e\u00edva\u0165 cookies a\/alebo pristupova\u0165 k \u00fadajom zhroma\u017e\u010fovan\u00fdm cookies na webov\u00fdch str\u00e1nkach.<\/p><p><strong>Pou\u017e\u00edvan\u00e9 s\u00fabory cookies a mo\u017enos\u0165 upravi\u0165 preferencie cookies n\u00e1jdete po stla\u010den\u00ed tla\u010didla:<\/strong><\/p>\t\t\t\t\t\t\t\t<\/div>\n\t\t\t\t<\/div>\n\t\t\t\t<div class=\"elementor-element elementor-element-aee61dc  cky-banner-element  elementor-widget elementor-widget-text_button\" data-id=\"aee61dc\" data-element_type=\"widget\" data-widget_type=\"text_button.default\">\n\t\t\t\t<div class=\"elementor-widget-container\">\n\t\t\t\t\t<div class=\"etheme-button-wrapper\"><a href=\"#\" class=\"fill-none etheme-text-button elementor-button\" role=\"button\">\n        <span class=\"elementor-button-content-wrapper\">\n                        <span class=\"elementor-button-icon\">\n                <svg xmlns=\"http:\/\/www.w3.org\/2000\/svg\" width=\"24\" height=\"24\" viewbox=\"0 0 24 24\" fill=\"none\"><rect width=\"24\" height=\"24\" rx=\"12\" fill=\"white\"><\/rect><path d=\"M10 7L15.1667 12.1667L10 17.3334\" stroke=\"#4DC4BD\" stroke-width=\"1.8\" stroke-linecap=\"round\" stroke-linejoin=\"round\"><\/path><\/svg>            <\/span>\n        \n\t\t\t<span class=\"elementor-button-text\">Upravi\u0165 preferencie cookies<\/span>\n\n            \n            \n        <\/span><\/a><\/div>\t\t\t\t<\/div>\n\t\t\t\t<\/div>\n\t\t\t\t<div class=\"elementor-element elementor-element-bdcab08 elementor-widget elementor-widget-text-editor\" data-id=\"bdcab08\" data-element_type=\"widget\" data-widget_type=\"text-editor.default\">\n\t\t\t\t<div class=\"elementor-widget-container\">\n\t\t\t\t\t\t\t\t\t<p>\u010eal\u0161ie inform\u00e1cie o cookies a ich aktu\u00e1lny zoznam n\u00e1jdete prostredn\u00edctvom jednotliv\u00fdch internetov\u00fdch prehliada\u010dov, naj\u010dastej\u0161ie v polo\u017eke N\u00e1stroje pre v\u00fdvoj\u00e1rov.<br \/>S\u00fahlas m\u00f4\u017ee by\u0165 vyjadren\u00fd prostredn\u00edctvom za\u0161krt\u00e1vacieho pol\u00ed\u010dka obsiahnut\u00e9ho v tzv. cookie li\u0161te. S\u00fabory cookies m\u00f4\u017eete aj n\u00e1sledne v nastaven\u00ed svojho internetov\u00e9ho prehliada\u010da odmietnu\u0165, alebo si nastavi\u0165 pou\u017e\u00edvanie iba niektor\u00fdch.<\/p><p>\u010eal\u0161ie inform\u00e1cie o spr\u00e1ve cookies v jednotliv\u00fdch prehliada\u010doch n\u00e1jdete na nasleduj\u00facich odkazoch:<\/p><ul><li>Internet Explorer &#8211;\u00a0<a href=\"https:\/\/support.microsoft.com\/cs-cz\/help\/17442\/windows-internet-explorer-delete-manage-cookies\" target=\"_blank\" rel=\"noopener\">https:\/\/support.microsoft.com\/cs-cz\/help\/17442\/windows-internet-explorer-delete-manage-cookies<\/a><\/li><li>Google Chrome &#8211;\u00a0<a href=\"https:\/\/support.google.com\/chrome\/answer\/95647?co=GENIE.Platform%3DDesktop&amp;hl=cs\" target=\"_blank\" rel=\"noopener\">https:\/\/support.google.com\/chrome\/answer\/95647?co=GENIE.Platform%3DDesktop&amp;hl=cs<\/a><\/li><li>Firefox &#8211;\u00a0<a href=\"https:\/\/support.mozilla.org\/cs\/kb\/povoleni-zakazani-cookies\" target=\"_blank\" rel=\"noopener\">https:\/\/support.mozilla.org\/cs\/kb\/povoleni-zakazani-cookies<\/a><\/li><li>Safari &#8211;\u00a0<a href=\"https:\/\/support.apple.com\/cs-cz\/guide\/safari\/sfri11471\/mac\" target=\"_blank\" rel=\"noopener\">https:\/\/support.apple.com\/cs-cz\/guide\/safari\/sfri11471\/mac<\/a><\/li><li>Opera &#8211;\u00a0<a href=\"https:\/\/help.opera.com\/cs\/latest\/security-and-privacy\/\" target=\"_blank\" rel=\"noopener\">https:\/\/help.opera.com\/cs\/latest\/security-and-privacy\/<\/a><\/li><li>Microsoft Edge &#8211;\u00a0<a href=\"https:\/\/docs.microsoft.com\/cs-cz\/sccm\/compliance\/deploy-use\/browser-profiles\" target=\"_blank\" rel=\"noopener\">https:\/\/docs.microsoft.com\/cs-cz\/sccm\/compliance\/deploy-use\/browser-profiles<\/a><\/li><\/ul><h1>V. Va\u0161e pr\u00e1va v s\u00favislosti so sprac\u00favan\u00edm osobn\u00fdch \u00fadajov<\/h1><p>Nariadenie GDPR v\u00e1m d\u00e1va okrem in\u00e9ho pr\u00e1vo obr\u00e1ti\u0165 sa na n\u00e1s a chcie\u0165 inform\u00e1cie, ak\u00e9 Va\u0161e osobn\u00e9 \u00fadaje sprac\u00favame, vy\u017eiada\u0165 si u n\u00e1s pr\u00edstup k t\u00fdmto \u00fadajom a necha\u0165 ich aktualizova\u0165 alebo opravi\u0165, popr\u00edpade po\u017eadova\u0165 obmedzenie sprac\u00favania, m\u00f4\u017eete po\u017eadova\u0165 k\u00f3piu sprac\u00favan\u00fdch osobn\u00fdch \u00fadajov, po\u017eadova\u0165 po n\u00e1s v ur\u010dit\u00fdch situ\u00e1ci\u00e1ch v\u00fdmaz osobn\u00fdch \u00fadajov a v ur\u010dit\u00fdch pr\u00edpadoch m\u00e1te pr\u00e1vo na ich prenosite\u013enos\u0165. Proti sprac\u00favaniu na z\u00e1klade opr\u00e1vnen\u00e9ho z\u00e1ujmu je mo\u017en\u00e9 vznies\u0165 n\u00e1mietku.<\/p><p>S\u00fahlas so spracovan\u00edm osobn\u00fdch \u00fadajov sa zaklad\u00e1 na dobrovo\u013enom princ\u00edpe. To znamen\u00e1, \u017ee ich m\u00f4\u017eete kedyko\u013evek zru\u0161i\u0165. V pr\u00edpade zru\u0161enia n\u00e1s kontaktujte na e-mailovej adrese info@bretow.com<\/p><p>Ak si mysl\u00edte, \u017ee s \u00fadajmi nezaobch\u00e1dzame spr\u00e1vne, m\u00e1te pr\u00e1vo poda\u0165 s\u0165a\u017enos\u0165 dozorn\u00e9mu org\u00e1nu, ktor\u00fdm je v na\u0161ej jurisdikcii \u00darad na ochranu osobn\u00fdch \u00fadajov SR https:\/\/dataprotection.gov.sk, Hrani\u010dn\u00e1 12, 820 07 Bratislava 27; tel. \u010d\u00edslo: +421 \/2\/ 3231 3214; E-mail: <a href=\"mailto:statny.dozor@pdp.gov.sk\">statny.dozor@pdp.gov.sk<\/a> alebo sa obr\u00e1ti\u0165 na s\u00fad.<br \/><span style=\"font-size: 11pt; color: inherit; font-family: inherit; text-align: justify; background-color: var(--et_container-bg-color,transparent);\"><br \/><\/span><\/p><p><span style=\"font-size: 11pt; color: inherit; font-family: inherit; text-align: justify; background-color: var(--et_container-bg-color,transparent);\">Tieto z\u00e1sady s\u00fa \u00fa\u010dinn\u00e9 od 28.3.2024<\/span><\/p>\t\t\t\t\t\t\t\t<\/div>\n\t\t\t\t<\/div>\n\t\t\t\t\t<\/div>\n\t\t\t\t<\/div>\n\t\t\t\t<\/div>","protected":false},"excerpt":{"rendered":"<p>Ochrana osobn\u00fdch \u00fadajov Sme spolo\u010dnos\u0165 HATAC, s.r.o., I\u010cO: 51 160 439, DI\u010c: 2120616509, so s\u00eddlom: R\u00e1zusova 67, Brezno 977 01, zap\u00edsan\u00e1 v obchodnom registri Okresn\u00e9ho&#8230;<\/p>","protected":false},"author":1,"featured_media":0,"parent":0,"menu_order":0,"comment_status":"closed","ping_status":"closed","template":"elementor_header_footer","meta":{"footnotes":""},"class_list":["post-62","page","type-page","status-publish","hentry"],"_links":{"self":[{"href":"https:\/\/www.bretow.com\/de\/wp-json\/wp\/v2\/pages\/62","targetHints":{"allow":["GET"]}}],"collection":[{"href":"https:\/\/www.bretow.com\/de\/wp-json\/wp\/v2\/pages"}],"about":[{"href":"https:\/\/www.bretow.com\/de\/wp-json\/wp\/v2\/types\/page"}],"author":[{"embeddable":true,"href":"https:\/\/www.bretow.com\/de\/wp-json\/wp\/v2\/users\/1"}],"replies":[{"embeddable":true,"href":"https:\/\/www.bretow.com\/de\/wp-json\/wp\/v2\/comments?post=62"}],"version-history":[{"count":19,"href":"https:\/\/www.bretow.com\/de\/wp-json\/wp\/v2\/pages\/62\/revisions"}],"predecessor-version":[{"id":932,"href":"https:\/\/www.bretow.com\/de\/wp-json\/wp\/v2\/pages\/62\/revisions\/932"}],"wp:attachment":[{"href":"https:\/\/www.bretow.com\/de\/wp-json\/wp\/v2\/media?parent=62"}],"curies":[{"name":"wp","href":"https:\/\/api.w.org\/{rel}","templated":true}]}}