{"id":907,"date":"2024-06-05T15:47:40","date_gmt":"2024-06-05T13:47:40","guid":{"rendered":"https:\/\/www.bretow.com\/?page_id=907"},"modified":"2024-06-21T10:35:56","modified_gmt":"2024-06-21T08:35:56","slug":"doprava-a-platba","status":"publish","type":"page","link":"https:\/\/www.bretow.com\/de\/doprava-a-platba\/","title":{"rendered":"Transport und Bezahlung"},"content":{"rendered":"<div data-elementor-type=\"wp-page\" data-elementor-id=\"907\" class=\"elementor elementor-907\" data-elementor-post-type=\"page\">\n\t\t\t\t<div class=\"elementor-element elementor-element-ed262bb e-flex e-con-boxed e-con e-parent\" data-id=\"ed262bb\" data-element_type=\"container\">\n\t\t\t\t\t<div class=\"e-con-inner\">\n\t\t\t\t<div class=\"elementor-element elementor-element-dea654a elementor-widget elementor-widget-text-editor\" data-id=\"dea654a\" data-element_type=\"widget\" data-widget_type=\"text-editor.default\">\n\t\t\t\t<div class=\"elementor-widget-container\">\n\t\t\t\t\t\t\t\t\t<h2><b>Kostenloser Versand<\/b><\/h2><p><span style=\"font-weight: 400;\">Alle Produktpreise \u00fcber 500 \u20ac sind versandkostenfrei.<\/span><\/p><p><span style=\"font-weight: 400;\">Die Waren, die wir in unserem E-Shop anbieten, sind in der Grundfarbe Schwarz auf Lager. Bei einer abweichenden Konfiguration oder bei ausverkaufter Ware wird die Lieferzeit nach Auftragsbest\u00e4tigung ermittelt.\u00a0<\/span><\/p><p><span style=\"font-weight: 400;\">W\u00e4hlen Sie die f\u00fcr Sie passende Kombination aus Versand- und Zahlungsarten. Welche M\u00f6glichkeiten haben Sie?<\/span><\/p><h2><b>Versandarten<\/b><\/h2><ul><li><b>Lieferung an die Adresse<\/b><\/li><li><b>Vorauszahlung<\/b><\/li><li><b>Nachnahme<\/b><\/li><\/ul><h2><b>Zahlungsarten<\/b><\/h2><ul><li><span style=\"font-weight: 400;\">Per Zahlungskarte (online \u00fcber das Internet)<\/span><\/li><li><span style=\"font-weight: 400;\">Per Bank\u00fcberweisung<\/span><\/li><li><span style=\"font-weight: 400;\">Sofortige Zahlung per Bank\u00fcberweisung<\/span><\/li><li><span style=\"font-weight: 400;\">Google Pay<\/span><\/li><li><span style=\"font-weight: 400;\">Apple Pay<\/span><\/li><\/ul><h2><b>Was ist mit einer besch\u00e4digten Sendung?<\/b><\/h2><p><span style=\"font-weight: 400;\">Welche Versandart Sie auch w\u00e4hlen, es kann vorkommen, dass das Paket nicht in 100%igem Zustand bei Ihnen ankommt. Wie ist in einem solchen Fall vorzugehen?<\/span><\/p><ul><li style=\"font-weight: 400;\" aria-level=\"1\"><span style=\"font-weight: 400;\">\u00dcberpr\u00fcfen Sie jede Sendung sorgf\u00e4ltig und nehmen Sie sie nicht an, wenn das Paket Anzeichen mechanischer Besch\u00e4digung aufweist.<\/span><\/li><li style=\"font-weight: 400;\" aria-level=\"1\"><span style=\"font-weight: 400;\">Wenn m\u00f6glich, \u00f6ffnen Sie die besch\u00e4digte Sendung vor dem Postboten, Kurier oder Paketdienstleister.<\/span><\/li><li style=\"font-weight: 400;\" aria-level=\"1\"><span style=\"font-weight: 400;\">Wenn der Inhalt Anzeichen von Besch\u00e4digungen aufweist, reklamieren Sie die Sendung sofort.<\/span><\/li><li style=\"font-weight: 400;\" aria-level=\"1\"><span style=\"font-weight: 400;\">Wenn Sie ein besch\u00e4digtes Paket erhalten und sp\u00e4ter davon erfahren, akzeptiert der Spediteur Ihre Reklamation m\u00f6glicherweise nicht r\u00fcckwirkend.<\/span><\/li><\/ul>\t\t\t\t\t\t\t\t<\/div>\n\t\t\t\t<\/div>\n\t\t\t\t\t<\/div>\n\t\t\t\t<\/div>\n\t\t\t\t<\/div>","protected":false},"excerpt":{"rendered":"<p>Doprava zadarmo V\u0161etky ceny produktov nad 500\u20ac maj\u00fa dopravu zadarmo. Tovar ktor\u00fd pon\u00fakame na na\u0161om e-shope m\u00e1me skladom v\u00a0z\u00e1kladnej \u010diernej farbe. V\u00a0pr\u00edpade inej konfigur\u00e1cie alebo&#8230;<\/p>","protected":false},"author":1,"featured_media":0,"parent":0,"menu_order":0,"comment_status":"closed","ping_status":"closed","template":"elementor_header_footer","meta":{"footnotes":""},"class_list":["post-907","page","type-page","status-publish","hentry"],"_links":{"self":[{"href":"https:\/\/www.bretow.com\/de\/wp-json\/wp\/v2\/pages\/907","targetHints":{"allow":["GET"]}}],"collection":[{"href":"https:\/\/www.bretow.com\/de\/wp-json\/wp\/v2\/pages"}],"about":[{"href":"https:\/\/www.bretow.com\/de\/wp-json\/wp\/v2\/types\/page"}],"author":[{"embeddable":true,"href":"https:\/\/www.bretow.com\/de\/wp-json\/wp\/v2\/users\/1"}],"replies":[{"embeddable":true,"href":"https:\/\/www.bretow.com\/de\/wp-json\/wp\/v2\/comments?post=907"}],"version-history":[{"count":16,"href":"https:\/\/www.bretow.com\/de\/wp-json\/wp\/v2\/pages\/907\/revisions"}],"predecessor-version":[{"id":1076,"href":"https:\/\/www.bretow.com\/de\/wp-json\/wp\/v2\/pages\/907\/revisions\/1076"}],"wp:attachment":[{"href":"https:\/\/www.bretow.com\/de\/wp-json\/wp\/v2\/media?parent=907"}],"curies":[{"name":"wp","href":"https:\/\/api.w.org\/{rel}","templated":true}]}}