{"id":14,"date":"2024-03-03T11:17:08","date_gmt":"2024-03-03T10:17:08","guid":{"rendered":"https:\/\/www.bretow.com\/?post_type=product&#038;p=14"},"modified":"2024-09-23T16:43:55","modified_gmt":"2024-09-23T14:43:55","slug":"albes-2","status":"publish","type":"product","link":"https:\/\/www.bretow.com\/de\/obchod\/stojany-na-nabijacky\/albes-2\/","title":{"rendered":"Albes 2"},"content":{"rendered":"<p><span style=\"font-weight: 400;\">Der Sockel, das Dach und der Kabelkorb sind mit einer hochwertigen und haltbaren Pulverfarbe lackiert.  Der Korpus des St\u00e4nders besteht aus Fichtenholz, das mit UV-Schutzfarbe behandelt wurde. Der St\u00e4nder ist f\u00fcr eine breite Palette von Ladeger\u00e4ten bis zu einer Gr\u00f6\u00dfe von 400x500x250mm ausgelegt. Die Montage des St\u00e4nders erfolgt durch Befestigung auf einer soliden Basis mit Stahlankern, die im Lieferumfang enthalten sind. Die Stromversorgung des St\u00e4nders wird durch ein Loch an der Unterseite des St\u00e4nders gef\u00fchrt.<\/span><\/p>\n<p>Hergestellt in der EU<\/p>","protected":false},"excerpt":{"rendered":"<p>Stilvoller St\u00e4nder mit Stahlsockel und -dach, Korpus aus Fichtenholz mit UV-Beschichtung. Konzipiert f\u00fcr Ladeger\u00e4te bis zu 400x500x250mm<\/p>","protected":false},"featured_media":896,"comment_status":"open","ping_status":"closed","template":"","meta":[],"etheme_brands":[],"product_brand":[],"product_cat":[17],"product_tag":[],"class_list":{"0":"post-14","1":"product","2":"type-product","3":"status-publish","4":"has-post-thumbnail","6":"product_cat-stojany-na-nabijacky","8":"first","9":"instock","10":"taxable","11":"shipping-taxable","12":"purchasable","13":"product-type-variable"},"_links":{"self":[{"href":"https:\/\/www.bretow.com\/de\/wp-json\/wp\/v2\/product\/14","targetHints":{"allow":["GET"]}}],"collection":[{"href":"https:\/\/www.bretow.com\/de\/wp-json\/wp\/v2\/product"}],"about":[{"href":"https:\/\/www.bretow.com\/de\/wp-json\/wp\/v2\/types\/product"}],"replies":[{"embeddable":true,"href":"https:\/\/www.bretow.com\/de\/wp-json\/wp\/v2\/comments?post=14"}],"version-history":[{"count":9,"href":"https:\/\/www.bretow.com\/de\/wp-json\/wp\/v2\/product\/14\/revisions"}],"predecessor-version":[{"id":1119,"href":"https:\/\/www.bretow.com\/de\/wp-json\/wp\/v2\/product\/14\/revisions\/1119"}],"wp:featuredmedia":[{"embeddable":true,"href":"https:\/\/www.bretow.com\/de\/wp-json\/wp\/v2\/media\/896"}],"wp:attachment":[{"href":"https:\/\/www.bretow.com\/de\/wp-json\/wp\/v2\/media?parent=14"}],"wp:term":[{"taxonomy":"brand","embeddable":true,"href":"https:\/\/www.bretow.com\/de\/wp-json\/wp\/v2\/etheme_brands?post=14"},{"taxonomy":"product_brand","embeddable":true,"href":"https:\/\/www.bretow.com\/de\/wp-json\/wp\/v2\/product_brand?post=14"},{"taxonomy":"product_cat","embeddable":true,"href":"https:\/\/www.bretow.com\/de\/wp-json\/wp\/v2\/product_cat?post=14"},{"taxonomy":"product_tag","embeddable":true,"href":"https:\/\/www.bretow.com\/de\/wp-json\/wp\/v2\/product_tag?post=14"}],"curies":[{"name":"wp","href":"https:\/\/api.w.org\/{rel}","templated":true}]}}