{"id":940,"date":"2024-06-20T10:05:03","date_gmt":"2024-06-20T08:05:03","guid":{"rendered":"https:\/\/www.bretow.com\/?post_type=product&#038;p=940"},"modified":"2024-09-23T16:43:46","modified_gmt":"2024-09-23T14:43:46","slug":"universa-1","status":"publish","type":"product","link":"https:\/\/www.bretow.com\/de\/obchod\/stojany-na-nabijacky\/universa-1\/","title":{"rendered":"Universa 1"},"content":{"rendered":"<p><span style=\"font-weight: 400;\">Der Schrank ist aus Stahl gefertigt und mit haltbarer Pulverfarbe lackiert. Die T\u00fcren sind aus mit UV-Schutzfarbe behandeltem Fichtenholz gefertigt. Die Montageplatte f\u00fcr das Ladeger\u00e4t ist aus impr\u00e4gniertem, haltbarem Eschenholz gefertigt. Der St\u00e4nder ist f\u00fcr eine breite Palette von Ladeger\u00e4ten bis zu den Ma\u00dfen 300x500x250mm ausgelegt. Die Montage des St\u00e4nders erfolgt durch Befestigung auf einer soliden Unterlage mit Stahlankern, die in der Verpackung enthalten sind. Die Stromzufuhr zum St\u00e4nder wird durch ein Loch an der Unterseite des St\u00e4nders gef\u00fchrt. <\/span><\/p>\n<p><span style=\"font-weight: 400;\">Hergestellt in der EU<\/span><\/p>","protected":false},"excerpt":{"rendered":"<p>Stabiler St\u00e4nder mit Stahlgeh\u00e4use und T\u00fcren aus UV-behandeltem Fichtenholz. Geeignet f\u00fcr Ladeger\u00e4te bis zu 300x500x250mm.<\/p>","protected":false},"featured_media":942,"comment_status":"open","ping_status":"closed","template":"","meta":[],"etheme_brands":[],"product_brand":[],"product_cat":[17],"product_tag":[],"class_list":{"0":"post-940","1":"product","2":"type-product","3":"status-publish","4":"has-post-thumbnail","6":"product_cat-stojany-na-nabijacky","8":"first","9":"instock","10":"taxable","11":"shipping-taxable","12":"purchasable","13":"product-type-variable"},"_links":{"self":[{"href":"https:\/\/www.bretow.com\/de\/wp-json\/wp\/v2\/product\/940","targetHints":{"allow":["GET"]}}],"collection":[{"href":"https:\/\/www.bretow.com\/de\/wp-json\/wp\/v2\/product"}],"about":[{"href":"https:\/\/www.bretow.com\/de\/wp-json\/wp\/v2\/types\/product"}],"replies":[{"embeddable":true,"href":"https:\/\/www.bretow.com\/de\/wp-json\/wp\/v2\/comments?post=940"}],"version-history":[{"count":3,"href":"https:\/\/www.bretow.com\/de\/wp-json\/wp\/v2\/product\/940\/revisions"}],"predecessor-version":[{"id":1140,"href":"https:\/\/www.bretow.com\/de\/wp-json\/wp\/v2\/product\/940\/revisions\/1140"}],"wp:featuredmedia":[{"embeddable":true,"href":"https:\/\/www.bretow.com\/de\/wp-json\/wp\/v2\/media\/942"}],"wp:attachment":[{"href":"https:\/\/www.bretow.com\/de\/wp-json\/wp\/v2\/media?parent=940"}],"wp:term":[{"taxonomy":"brand","embeddable":true,"href":"https:\/\/www.bretow.com\/de\/wp-json\/wp\/v2\/etheme_brands?post=940"},{"taxonomy":"product_brand","embeddable":true,"href":"https:\/\/www.bretow.com\/de\/wp-json\/wp\/v2\/product_brand?post=940"},{"taxonomy":"product_cat","embeddable":true,"href":"https:\/\/www.bretow.com\/de\/wp-json\/wp\/v2\/product_cat?post=940"},{"taxonomy":"product_tag","embeddable":true,"href":"https:\/\/www.bretow.com\/de\/wp-json\/wp\/v2\/product_tag?post=940"}],"curies":[{"name":"wp","href":"https:\/\/api.w.org\/{rel}","templated":true}]}}