{"id":945,"date":"2024-06-20T10:18:07","date_gmt":"2024-06-20T08:18:07","guid":{"rendered":"https:\/\/www.bretow.com\/?post_type=product&#038;p=945"},"modified":"2024-09-23T16:43:34","modified_gmt":"2024-09-23T14:43:34","slug":"albes-1","status":"publish","type":"product","link":"https:\/\/www.bretow.com\/de\/obchod\/stojany-na-nabijacky\/albes-1\/","title":{"rendered":"Albes 1"},"content":{"rendered":"<p><span style=\"font-weight: 400;\">Der gesamte Stahlrahmen mit Sockel und Dach ist mit hochwertiger und haltbarer Pulverfarbe lackiert.  Die W\u00e4nde des St\u00e4nders bestehen aus Fichtenholz, das mit UV-Schutzfarbe behandelt wurde. Der St\u00e4nder ist f\u00fcr eine breite Palette von Ladeger\u00e4ten bis zu einer Gr\u00f6\u00dfe von 310x600x250mm ausgelegt. Die Montage des St\u00e4nders erfolgt durch Befestigung auf einer soliden Basis mit Stahlankern, die im Lieferumfang enthalten sind. Die Stromzufuhr zum St\u00e4nder wird durch ein Loch an der Unterseite des St\u00e4nders gef\u00fchrt.<\/span><\/p>\n<p><span style=\"font-weight: 400;\">Hergestellt in der EU<\/span><\/p>","protected":false},"excerpt":{"rendered":"<p>Eleganter Stahlrahmen mit W\u00e4nden aus UV-behandeltem Fichtenholz. Geeignet f\u00fcr Ladeger\u00e4te bis zu 310x600x250mm.<\/p>","protected":false},"featured_media":947,"comment_status":"open","ping_status":"closed","template":"","meta":[],"etheme_brands":[],"product_brand":[],"product_cat":[17],"product_tag":[],"class_list":{"0":"post-945","1":"product","2":"type-product","3":"status-publish","4":"has-post-thumbnail","6":"product_cat-stojany-na-nabijacky","8":"first","9":"instock","10":"taxable","11":"shipping-taxable","12":"purchasable","13":"product-type-variable"},"_links":{"self":[{"href":"https:\/\/www.bretow.com\/de\/wp-json\/wp\/v2\/product\/945","targetHints":{"allow":["GET"]}}],"collection":[{"href":"https:\/\/www.bretow.com\/de\/wp-json\/wp\/v2\/product"}],"about":[{"href":"https:\/\/www.bretow.com\/de\/wp-json\/wp\/v2\/types\/product"}],"replies":[{"embeddable":true,"href":"https:\/\/www.bretow.com\/de\/wp-json\/wp\/v2\/comments?post=945"}],"version-history":[{"count":3,"href":"https:\/\/www.bretow.com\/de\/wp-json\/wp\/v2\/product\/945\/revisions"}],"predecessor-version":[{"id":1132,"href":"https:\/\/www.bretow.com\/de\/wp-json\/wp\/v2\/product\/945\/revisions\/1132"}],"wp:featuredmedia":[{"embeddable":true,"href":"https:\/\/www.bretow.com\/de\/wp-json\/wp\/v2\/media\/947"}],"wp:attachment":[{"href":"https:\/\/www.bretow.com\/de\/wp-json\/wp\/v2\/media?parent=945"}],"wp:term":[{"taxonomy":"brand","embeddable":true,"href":"https:\/\/www.bretow.com\/de\/wp-json\/wp\/v2\/etheme_brands?post=945"},{"taxonomy":"product_brand","embeddable":true,"href":"https:\/\/www.bretow.com\/de\/wp-json\/wp\/v2\/product_brand?post=945"},{"taxonomy":"product_cat","embeddable":true,"href":"https:\/\/www.bretow.com\/de\/wp-json\/wp\/v2\/product_cat?post=945"},{"taxonomy":"product_tag","embeddable":true,"href":"https:\/\/www.bretow.com\/de\/wp-json\/wp\/v2\/product_tag?post=945"}],"curies":[{"name":"wp","href":"https:\/\/api.w.org\/{rel}","templated":true}]}}