{"id":949,"date":"2024-06-20T10:31:32","date_gmt":"2024-06-20T08:31:32","guid":{"rendered":"https:\/\/www.bretow.com\/?post_type=product&#038;p=949"},"modified":"2024-09-23T16:43:10","modified_gmt":"2024-09-23T14:43:10","slug":"urban-1","status":"publish","type":"product","link":"https:\/\/www.bretow.com\/de\/obchod\/stojany-na-nabijacky\/urban-1\/","title":{"rendered":"Urban 1"},"content":{"rendered":"<p><span style=\"font-weight: 400;\">Das Geh\u00e4use ist aus Stahl gefertigt und mit einer hochwertigen und haltbaren Pulverfarbe lackiert.  Die Montageplatte f\u00fcr das Ladeger\u00e4t ist aus impr\u00e4gniertem, langlebigem Eschenholz gefertigt. Der St\u00e4nder ist f\u00fcr eine breite Palette von Ladeger\u00e4ten bis zu 300x500x250mm ausgelegt. Die Montage des St\u00e4nders erfolgt durch Befestigung auf einer soliden Basis mit Stahlankern, die im Lieferumfang enthalten sind. Die Stromzufuhr zum St\u00e4nder wird durch ein Loch an der Unterseite des St\u00e4nders gef\u00fchrt.<\/span><\/p>\n<p><span style=\"font-weight: 400;\">Hergestellt in der EU<\/span><\/p>","protected":false},"excerpt":{"rendered":"<p class=\"translation-block\">Hochwertiger Stahlst\u00e4nder und Ladeger\u00e4t-Montageplatte aus langlebigem Eschenholz. Kompatibel mit Ladeger\u00e4ten bis zu 300x500x250mm.<\/p>","protected":false},"featured_media":951,"comment_status":"open","ping_status":"closed","template":"","meta":[],"etheme_brands":[],"product_brand":[],"product_cat":[17],"product_tag":[],"class_list":{"0":"post-949","1":"product","2":"type-product","3":"status-publish","4":"has-post-thumbnail","6":"product_cat-stojany-na-nabijacky","8":"first","9":"instock","10":"taxable","11":"shipping-taxable","12":"purchasable","13":"product-type-variable"},"_links":{"self":[{"href":"https:\/\/www.bretow.com\/de\/wp-json\/wp\/v2\/product\/949","targetHints":{"allow":["GET"]}}],"collection":[{"href":"https:\/\/www.bretow.com\/de\/wp-json\/wp\/v2\/product"}],"about":[{"href":"https:\/\/www.bretow.com\/de\/wp-json\/wp\/v2\/types\/product"}],"replies":[{"embeddable":true,"href":"https:\/\/www.bretow.com\/de\/wp-json\/wp\/v2\/comments?post=949"}],"version-history":[{"count":5,"href":"https:\/\/www.bretow.com\/de\/wp-json\/wp\/v2\/product\/949\/revisions"}],"predecessor-version":[{"id":1144,"href":"https:\/\/www.bretow.com\/de\/wp-json\/wp\/v2\/product\/949\/revisions\/1144"}],"wp:featuredmedia":[{"embeddable":true,"href":"https:\/\/www.bretow.com\/de\/wp-json\/wp\/v2\/media\/951"}],"wp:attachment":[{"href":"https:\/\/www.bretow.com\/de\/wp-json\/wp\/v2\/media?parent=949"}],"wp:term":[{"taxonomy":"brand","embeddable":true,"href":"https:\/\/www.bretow.com\/de\/wp-json\/wp\/v2\/etheme_brands?post=949"},{"taxonomy":"product_brand","embeddable":true,"href":"https:\/\/www.bretow.com\/de\/wp-json\/wp\/v2\/product_brand?post=949"},{"taxonomy":"product_cat","embeddable":true,"href":"https:\/\/www.bretow.com\/de\/wp-json\/wp\/v2\/product_cat?post=949"},{"taxonomy":"product_tag","embeddable":true,"href":"https:\/\/www.bretow.com\/de\/wp-json\/wp\/v2\/product_tag?post=949"}],"curies":[{"name":"wp","href":"https:\/\/api.w.org\/{rel}","templated":true}]}}