{"id":664,"date":"2024-03-09T17:50:29","date_gmt":"2024-03-09T16:50:29","guid":{"rendered":"https:\/\/www.bretow.com\/?page_id=664"},"modified":"2024-03-10T12:45:51","modified_gmt":"2024-03-10T11:45:51","slug":"kosik","status":"publish","type":"page","link":"https:\/\/www.bretow.com\/en\/kosik\/","title":{"rendered":"Ko\u0161\u00edk"},"content":{"rendered":"<div data-elementor-type=\"wp-page\" data-elementor-id=\"664\" class=\"elementor elementor-664\" data-elementor-post-type=\"page\">\n\t\t\t\t<div class=\"elementor-element elementor-element-23a596c e-flex e-con-boxed e-con e-parent\" data-id=\"23a596c\" data-element_type=\"container\">\n\t\t\t\t\t<div class=\"e-con-inner\">\n\t\t\t\t\t<\/div>\n\t\t\t\t<\/div>\n\t\t<div class=\"elementor-element elementor-element-096400a e-flex e-con-boxed e-con e-parent\" data-id=\"096400a\" data-element_type=\"container\">\n\t\t\t\t\t<div class=\"e-con-inner\">\n\t\t\t\t\t<\/div>\n\t\t\t\t<\/div>\n\t\t\t\t<\/div>","protected":false},"excerpt":{"rendered":"<p>V\u00e1\u0161 ko\u0161\u00edk je pr\u00e1zdny. V\u00e1\u0161 n\u00e1kupn\u00fd ko\u0161\u00edk je pr\u00e1zdny Poz\u00fdvame v\u00e1s, aby ste sa zozn\u00e1mili so sortimentom n\u00e1\u0161ho obchodu. Ur\u010dite si v \u0148om n\u00e1jdete nie\u010do&#8230;<\/p>","protected":false},"author":1,"featured_media":0,"parent":0,"menu_order":0,"comment_status":"closed","ping_status":"closed","template":"elementor_header_footer","meta":{"footnotes":""},"class_list":["post-664","page","type-page","status-publish","hentry"],"_links":{"self":[{"href":"https:\/\/www.bretow.com\/en\/wp-json\/wp\/v2\/pages\/664","targetHints":{"allow":["GET"]}}],"collection":[{"href":"https:\/\/www.bretow.com\/en\/wp-json\/wp\/v2\/pages"}],"about":[{"href":"https:\/\/www.bretow.com\/en\/wp-json\/wp\/v2\/types\/page"}],"author":[{"embeddable":true,"href":"https:\/\/www.bretow.com\/en\/wp-json\/wp\/v2\/users\/1"}],"replies":[{"embeddable":true,"href":"https:\/\/www.bretow.com\/en\/wp-json\/wp\/v2\/comments?post=664"}],"version-history":[{"count":16,"href":"https:\/\/www.bretow.com\/en\/wp-json\/wp\/v2\/pages\/664\/revisions"}],"predecessor-version":[{"id":786,"href":"https:\/\/www.bretow.com\/en\/wp-json\/wp\/v2\/pages\/664\/revisions\/786"}],"wp:attachment":[{"href":"https:\/\/www.bretow.com\/en\/wp-json\/wp\/v2\/media?parent=664"}],"curies":[{"name":"wp","href":"https:\/\/api.w.org\/{rel}","templated":true}]}}