{"id":907,"date":"2024-06-05T15:47:40","date_gmt":"2024-06-05T13:47:40","guid":{"rendered":"https:\/\/www.bretow.com\/?page_id=907"},"modified":"2024-06-21T10:35:56","modified_gmt":"2024-06-21T08:35:56","slug":"doprava-a-platba","status":"publish","type":"page","link":"https:\/\/www.bretow.com\/en\/doprava-a-platba\/","title":{"rendered":"Shipping and payment"},"content":{"rendered":"<div data-elementor-type=\"wp-page\" data-elementor-id=\"907\" class=\"elementor elementor-907\" data-elementor-post-type=\"page\">\n\t\t\t\t<div class=\"elementor-element elementor-element-ed262bb e-flex e-con-boxed e-con e-parent\" data-id=\"ed262bb\" data-element_type=\"container\">\n\t\t\t\t\t<div class=\"e-con-inner\">\n\t\t\t\t<div class=\"elementor-element elementor-element-dea654a elementor-widget elementor-widget-text-editor\" data-id=\"dea654a\" data-element_type=\"widget\" data-widget_type=\"text-editor.default\">\n\t\t\t\t<div class=\"elementor-widget-container\">\n\t\t\t\t\t\t\t\t\t<h2><b>Free shipping<\/b><\/h2><p><span style=\"font-weight: 400;\">All product prices over \u20ac500 have free shipping.<\/span><\/p><p><span style=\"font-weight: 400;\">The goods that we offer on our e-shop are in stock in the basic black color. In the case of a different configuration or if the goods are sold out, the delivery time will be determined after the order is confirmed.\u00a0<\/span><\/p><p><span style=\"font-weight: 400;\">Choose the combination of shipping and payment method that suits you best. What are your options?<\/span><\/p><h2><b>Methods of shipping<\/b><\/h2><ul><li><b>Delivery to the address<\/b><\/li><li><b>Advance payment<\/b><\/li><li><b>Cash on delivery<\/b><\/li><\/ul><h2><b>Payment methods<\/b><\/h2><ul><li><span style=\"font-weight: 400;\">By payment card (online via the Internet)<\/span><\/li><li><span style=\"font-weight: 400;\">By bank transfer<\/span><\/li><li><span style=\"font-weight: 400;\">Immediate payment by bank transfer<\/span><\/li><li><span style=\"font-weight: 400;\">Google Pay<\/span><\/li><li><span style=\"font-weight: 400;\">Apple Pay<\/span><\/li><\/ul><h2><b>What about a damaged shipment?<\/b><\/h2><p><span style=\"font-weight: 400;\">Whatever shipping method you choose, it may happen that the package does not reach you in 100% condition. How to proceed in such a case?<\/span><\/p><ul><li style=\"font-weight: 400;\" aria-level=\"1\"><span style=\"font-weight: 400;\">Always inspect each shipment carefully, and if the package shows signs of mechanical damage, do not accept it.<\/span><\/li><li style=\"font-weight: 400;\" aria-level=\"1\"><span style=\"font-weight: 400;\">If possible, open the damaged shipment in front of the postman, courier or drop-off operator.<\/span><\/li><li style=\"font-weight: 400;\" aria-level=\"1\"><span style=\"font-weight: 400;\">If the contents show signs of damage, claim the shipment immediately.<\/span><\/li><li style=\"font-weight: 400;\" aria-level=\"1\"><span style=\"font-weight: 400;\">If you receive a damaged package and find out about it later, the carrier may not accept your claim retroactively.<\/span><\/li><\/ul>\t\t\t\t\t\t\t\t<\/div>\n\t\t\t\t<\/div>\n\t\t\t\t\t<\/div>\n\t\t\t\t<\/div>\n\t\t\t\t<\/div>","protected":false},"excerpt":{"rendered":"<p>Doprava zadarmo V\u0161etky ceny produktov nad 500\u20ac maj\u00fa dopravu zadarmo. Tovar ktor\u00fd pon\u00fakame na na\u0161om e-shope m\u00e1me skladom v\u00a0z\u00e1kladnej \u010diernej farbe. V\u00a0pr\u00edpade inej konfigur\u00e1cie alebo&#8230;<\/p>","protected":false},"author":1,"featured_media":0,"parent":0,"menu_order":0,"comment_status":"closed","ping_status":"closed","template":"elementor_header_footer","meta":{"footnotes":""},"class_list":["post-907","page","type-page","status-publish","hentry"],"_links":{"self":[{"href":"https:\/\/www.bretow.com\/en\/wp-json\/wp\/v2\/pages\/907","targetHints":{"allow":["GET"]}}],"collection":[{"href":"https:\/\/www.bretow.com\/en\/wp-json\/wp\/v2\/pages"}],"about":[{"href":"https:\/\/www.bretow.com\/en\/wp-json\/wp\/v2\/types\/page"}],"author":[{"embeddable":true,"href":"https:\/\/www.bretow.com\/en\/wp-json\/wp\/v2\/users\/1"}],"replies":[{"embeddable":true,"href":"https:\/\/www.bretow.com\/en\/wp-json\/wp\/v2\/comments?post=907"}],"version-history":[{"count":16,"href":"https:\/\/www.bretow.com\/en\/wp-json\/wp\/v2\/pages\/907\/revisions"}],"predecessor-version":[{"id":1076,"href":"https:\/\/www.bretow.com\/en\/wp-json\/wp\/v2\/pages\/907\/revisions\/1076"}],"wp:attachment":[{"href":"https:\/\/www.bretow.com\/en\/wp-json\/wp\/v2\/media?parent=907"}],"curies":[{"name":"wp","href":"https:\/\/api.w.org\/{rel}","templated":true}]}}